{"id":1475,"date":"2024-05-02T14:19:50","date_gmt":"2024-05-02T14:19:50","guid":{"rendered":"https:\/\/onehappycard.nl\/?page_id=1475"},"modified":"2025-02-24T19:40:27","modified_gmt":"2025-02-24T18:40:27","slug":"contact","status":"publish","type":"page","link":"https:\/\/onehappycard.tedar.nl\/en\/contact\/","title":{"rendered":"Contact"},"content":{"rendered":"[et_pb_section fb_built=&#8221;1&#8243; _builder_version=&#8221;4.16&#8243; _module_preset=&#8221;default&#8221; global_colors_info=&#8221;{}&#8221;][et_pb_row column_structure=&#8221;1_2,1_2&#8243; _builder_version=&#8221;4.16&#8243; _module_preset=&#8221;default&#8221; global_colors_info=&#8221;{}&#8221;][et_pb_column type=&#8221;1_2&#8243; _builder_version=&#8221;4.16&#8243; _module_preset=&#8221;default&#8221; global_colors_info=&#8221;{}&#8221;][et_pb_text _builder_version=&#8221;4.16&#8243; _module_preset=&#8221;default&#8221; text_font=&#8221;|600|||||||&#8221; text_text_color=&#8221;#287896&#8243; header_font=&#8221;|800|||||||&#8221; header_text_color=&#8221;#287896&#8243; header_2_text_color=&#8221;#287896&#8243; global_colors_info=&#8221;{}&#8221;]<header class=\"entry-header\">\n<h1 class=\"entry-title\">Contact<\/h1>\n<\/header>\n<div class=\"entry-content\">\n<div class=\"wp-block-columns is-layout-flex wp-container-core-columns-is-layout-1 wp-block-columns-is-layout-flex\">\n<div class=\"wp-block-column is-layout-flow wp-block-column-is-layout-flow\">\n<p>Contact opnemen met Onehappycard gaat het beste per email.<\/p>\n<ul>\n<li>E-mail:<span>\u00a0<\/span><a href=\"mailto:onehappycard@gmail.com\" target=\"_blank\" rel=\"noreferrer noopener\">onehappycard@gmail.com<\/a><\/li>\n<li>Volg<span>\u00a0<\/span><a href=\"https:\/\/www.facebook.com\/pg\/onehappycard\/shop_nt\/?ref=page_internal&amp;mt_nav=0\" target=\"_blank\" rel=\"noreferrer noopener\">Onehappycard op Facebook<\/a><\/li>\n<li>Volg<span>\u00a0<\/span><a href=\"https:\/\/www.instagram.com\/onehappycard\/?hl=nl\" target=\"_blank\" rel=\"noreferrer noopener\">Onehappycard op Instagram<\/a><\/li>\n<\/ul>\n<h2 class=\"wp-block-heading\"><strong><\/strong><\/h2>\n<h2 class=\"wp-block-heading\"><strong><\/strong><\/h2>\n<h2 class=\"wp-block-heading\"><strong>De bedrijfsgegevens van Onehappycard<\/strong><\/h2>\n<ul>\n<li>Naam Onehappycard O\u00dc<\/li>\n<li>Adres L\u00f5\u00f5tsa 2A, 11415 Tallinn, Estland<\/li>\n<li>Registratiecode 16344457<\/li>\n<li>BTW nummer EE102446944<\/li>\n<\/ul>\n<h2 class=\"wp-block-heading\"><strong><\/strong><\/h2>\n<h2 class=\"wp-block-heading\"><strong><\/strong><\/h2>\n<h2 class=\"wp-block-heading\"><strong>Waarom is het adres van Onehappycard in Estland?<\/strong><\/h2>\n<p>Onehappycard is als bedrijf ingeschreven in Estland, omdat\u00a0<a href=\"https:\/\/arubachamber.com\/pages\/business-in-aruba\/establishing-a-business-in-aruba\/#target1\" target=\"_blank\" rel=\"noreferrer noopener\">de kamer van koophandel op Aruba<\/a>\u00a0eist dat de eigenaresse (Sabine) op Aruba geboren moet zijn. En dat ben ik niet. Ik ben namelijk in Zwolle (Nederland) geboren. Ik heb geprobeerd om Onehappycard in Nederland in te schrijven, maar helaas moet je dan ook in Nederland bedrijfsactiviteiten hebben en ook dat heb ik niet. De enige oplossing was dus om in Estland in te schrijven. Dat betekent dat ik voor Onehappycard belasting in Estland betaal terwijl alle werkzaamheden op Aruba plaats vinden.<\/p>\n<\/div>\n<\/div>\n<\/div>[\/et_pb_text][\/et_pb_column][et_pb_column type=&#8221;1_2&#8243; _builder_version=&#8221;4.16&#8243; _module_preset=&#8221;default&#8221; global_colors_info=&#8221;{}&#8221;][et_pb_image src=&#8221;https:\/\/onehappycard.tedar.nl\/wp-content\/uploads\/2024\/05\/Sabine-op-Aruba-scaled-1.jpg&#8221; title_text=&#8221;Sabine-op-Aruba-scaled&#8221; align=&#8221;center&#8221; _builder_version=&#8221;4.16&#8243; _module_preset=&#8221;default&#8221; width=&#8221;65%&#8221; box_shadow_style=&#8221;preset1&#8243; box_shadow_blur=&#8221;10px&#8221; global_colors_info=&#8221;{}&#8221;][\/et_pb_image][et_pb_text _builder_version=&#8221;4.16&#8243; _module_preset=&#8221;default&#8221; text_font=&#8221;|600|||||||&#8221; text_text_color=&#8221;#287896&#8243; text_orientation=&#8221;center&#8221; global_colors_info=&#8221;{}&#8221;]<p>Heb je vraag, dan help ik je graag!<\/p>\n<p>Groetjes van het zonnige Aruba.<\/p>\n<p>Liefs Sabine<\/p>[\/et_pb_text][\/et_pb_column][\/et_pb_row][et_pb_row _builder_version=&#8221;4.16&#8243; _module_preset=&#8221;default&#8221; global_colors_info=&#8221;{}&#8221;][et_pb_column type=&#8221;4_4&#8243; _builder_version=&#8221;4.16&#8243; _module_preset=&#8221;default&#8221; global_colors_info=&#8221;{}&#8221;][et_pb_text _builder_version=&#8221;4.16&#8243; _module_preset=&#8221;default&#8221; header_3_text_align=&#8221;center&#8221; header_3_text_color=&#8221;#287896&#8243; global_colors_info=&#8221;{}&#8221;]<h3 class=\"wp-block-heading\"><strong>Stel hier onder je vraag en ik probeer zo snel mogelijk contact met je op te nemen.<span>\u00a0<\/span><\/strong>\u00a0<\/h3>[\/et_pb_text][et_pb_contact_form use_spam_service=&#8221;on&#8221; email=&#8221;onehappycard@gmail.com&#8221; _builder_version=&#8221;4.27.3&#8243; _module_preset=&#8221;default&#8221; _unique_id=&#8221;b6e27fe2-b094-41fe-8313-5d3dc4cd0ab9&#8243; custom_button=&#8221;on&#8221; button_text_color=&#8221;#FFFFFF&#8221; button_bg_color=&#8221;#287896&#8243; button_border_width=&#8221;0px&#8221; hover_enabled=&#8221;0&#8243; box_shadow_style_button=&#8221;preset1&#8243; box_shadow_blur_button=&#8221;8px&#8221; global_colors_info=&#8221;{}&#8221; recaptcha_list=&#8221;Google Recaptcha-0&#8243; sticky_enabled=&#8221;0&#8243;][et_pb_contact_field field_id=&#8221;Naam&#8221; field_title=&#8221;Naam&#8221; _builder_version=&#8221;4.16&#8243; form_field_background_color=&#8221;#287896&#8243; form_field_text_color=&#8221;#FFFFFF&#8221; box_shadow_style=&#8221;preset1&#8243; box_shadow_blur=&#8221;8px&#8221; global_colors_info=&#8221;{}&#8221; button_text_size__hover_enabled=&#8221;off&#8221; button_one_text_size__hover_enabled=&#8221;off&#8221; button_two_text_size__hover_enabled=&#8221;off&#8221; button_text_color__hover_enabled=&#8221;off&#8221; button_one_text_color__hover_enabled=&#8221;off&#8221; button_two_text_color__hover_enabled=&#8221;off&#8221; button_border_width__hover_enabled=&#8221;off&#8221; button_one_border_width__hover_enabled=&#8221;off&#8221; button_two_border_width__hover_enabled=&#8221;off&#8221; button_border_color__hover_enabled=&#8221;off&#8221; button_one_border_color__hover_enabled=&#8221;off&#8221; button_two_border_color__hover_enabled=&#8221;off&#8221; button_border_radius__hover_enabled=&#8221;off&#8221; button_one_border_radius__hover_enabled=&#8221;off&#8221; button_two_border_radius__hover_enabled=&#8221;off&#8221; button_letter_spacing__hover_enabled=&#8221;off&#8221; button_one_letter_spacing__hover_enabled=&#8221;off&#8221; button_two_letter_spacing__hover_enabled=&#8221;off&#8221; button_bg_color__hover_enabled=&#8221;off&#8221; button_one_bg_color__hover_enabled=&#8221;off&#8221; button_two_bg_color__hover_enabled=&#8221;off&#8221;][\/et_pb_contact_field][et_pb_contact_field field_id=&#8221;E-mailadres&#8221; field_title=&#8221;E-mailadres&#8221; field_type=&#8221;email&#8221; _builder_version=&#8221;4.16&#8243; form_field_background_color=&#8221;#287896&#8243; form_field_text_color=&#8221;#FFFFFF&#8221; box_shadow_style=&#8221;preset1&#8243; box_shadow_blur=&#8221;8px&#8221; global_colors_info=&#8221;{}&#8221; button_text_size__hover_enabled=&#8221;off&#8221; button_one_text_size__hover_enabled=&#8221;off&#8221; button_two_text_size__hover_enabled=&#8221;off&#8221; button_text_color__hover_enabled=&#8221;off&#8221; button_one_text_color__hover_enabled=&#8221;off&#8221; button_two_text_color__hover_enabled=&#8221;off&#8221; button_border_width__hover_enabled=&#8221;off&#8221; button_one_border_width__hover_enabled=&#8221;off&#8221; button_two_border_width__hover_enabled=&#8221;off&#8221; button_border_color__hover_enabled=&#8221;off&#8221; button_one_border_color__hover_enabled=&#8221;off&#8221; button_two_border_color__hover_enabled=&#8221;off&#8221; button_border_radius__hover_enabled=&#8221;off&#8221; button_one_border_radius__hover_enabled=&#8221;off&#8221; button_two_border_radius__hover_enabled=&#8221;off&#8221; button_letter_spacing__hover_enabled=&#8221;off&#8221; button_one_letter_spacing__hover_enabled=&#8221;off&#8221; button_two_letter_spacing__hover_enabled=&#8221;off&#8221; button_bg_color__hover_enabled=&#8221;off&#8221; button_one_bg_color__hover_enabled=&#8221;off&#8221; button_two_bg_color__hover_enabled=&#8221;off&#8221;][\/et_pb_contact_field][et_pb_contact_field field_id=&#8221;Bericht&#8221; field_title=&#8221;Bericht&#8221; field_type=&#8221;text&#8221; fullwidth_field=&#8221;on&#8221; _builder_version=&#8221;4.16&#8243; form_field_background_color=&#8221;#287896&#8243; form_field_text_color=&#8221;#FFFFFF&#8221; box_shadow_style=&#8221;preset1&#8243; box_shadow_blur=&#8221;8px&#8221; global_colors_info=&#8221;{}&#8221; button_text_size__hover_enabled=&#8221;off&#8221; button_one_text_size__hover_enabled=&#8221;off&#8221; button_two_text_size__hover_enabled=&#8221;off&#8221; button_text_color__hover_enabled=&#8221;off&#8221; button_one_text_color__hover_enabled=&#8221;off&#8221; button_two_text_color__hover_enabled=&#8221;off&#8221; button_border_width__hover_enabled=&#8221;off&#8221; button_one_border_width__hover_enabled=&#8221;off&#8221; button_two_border_width__hover_enabled=&#8221;off&#8221; button_border_color__hover_enabled=&#8221;off&#8221; button_one_border_color__hover_enabled=&#8221;off&#8221; button_two_border_color__hover_enabled=&#8221;off&#8221; button_border_radius__hover_enabled=&#8221;off&#8221; button_one_border_radius__hover_enabled=&#8221;off&#8221; button_two_border_radius__hover_enabled=&#8221;off&#8221; button_letter_spacing__hover_enabled=&#8221;off&#8221; button_one_letter_spacing__hover_enabled=&#8221;off&#8221; button_two_letter_spacing__hover_enabled=&#8221;off&#8221; button_bg_color__hover_enabled=&#8221;off&#8221; button_one_bg_color__hover_enabled=&#8221;off&#8221; button_two_bg_color__hover_enabled=&#8221;off&#8221;][\/et_pb_contact_field][\/et_pb_contact_form][\/et_pb_column][\/et_pb_row][\/et_pb_section]","protected":false},"excerpt":{"rendered":"<p>Contact Contact opnemen met Onehappycard gaat het beste per email. E-mail:\u00a0onehappycard@gmail.com Volg\u00a0Onehappycard op Facebook Volg\u00a0Onehappycard op Instagram De bedrijfsgegevens van Onehappycard Naam Onehappycard O\u00dc Adres L\u00f5\u00f5tsa 2A, 11415 Tallinn, Estland Registratiecode 16344457 BTW nummer EE102446944 Waarom is het adres van Onehappycard in Estland? Onehappycard is als bedrijf ingeschreven in Estland, omdat\u00a0de kamer van koophandel op [&hellip;]<\/p>","protected":false},"author":4,"featured_media":0,"parent":0,"menu_order":0,"comment_status":"closed","ping_status":"closed","template":"","meta":{"_et_pb_use_builder":"on","_et_pb_old_content":"","_et_gb_content_width":"","_eb_attr":"","footnotes":""},"class_list":["post-1475","page","type-page","status-publish","hentry"],"yoast_head":"<!-- This site is optimized with the Yoast SEO plugin v25.5 - https:\/\/yoast.com\/wordpress\/plugins\/seo\/ -->\n<title>Contact - Onehappycard<\/title>\n<meta name=\"description\" content=\"Contact. Wij proberen altijd zo snel mogelijk te reageren per email. Houdt wel rekening met het tijdsverschil van tussen Aruba en Nederland\" \/>\n<meta name=\"robots\" content=\"index, follow, max-snippet:-1, max-image-preview:large, max-video-preview:-1\" \/>\n<link rel=\"canonical\" href=\"https:\/\/onehappycard.tedar.nl\/en\/contact\/\" \/>\n<meta property=\"og:locale\" content=\"en_US\" \/>\n<meta property=\"og:type\" content=\"article\" \/>\n<meta property=\"og:title\" content=\"Contact - Onehappycard\" \/>\n<meta property=\"og:description\" content=\"Contact. Wij proberen altijd zo snel mogelijk te reageren per email. Houdt wel rekening met het tijdsverschil van tussen Aruba en Nederland\" \/>\n<meta property=\"og:url\" content=\"https:\/\/onehappycard.tedar.nl\/en\/contact\/\" \/>\n<meta property=\"og:site_name\" content=\"Onehappycard\" \/>\n<meta property=\"article:modified_time\" content=\"2025-02-24T18:40:27+00:00\" \/>\n<meta name=\"twitter:card\" content=\"summary_large_image\" \/>\n<meta name=\"twitter:label1\" content=\"Est. reading time\" \/>\n\t<meta name=\"twitter:data1\" content=\"2 minutes\" \/>\n<script type=\"application\/ld+json\" class=\"yoast-schema-graph\">{\"@context\":\"https:\/\/schema.org\",\"@graph\":[{\"@type\":\"WebPage\",\"@id\":\"https:\/\/onehappycard.tedar.nl\/contact\/\",\"url\":\"https:\/\/onehappycard.tedar.nl\/contact\/\",\"name\":\"Contact - Onehappycard\",\"isPartOf\":{\"@id\":\"https:\/\/onehappycard.tedar.nl\/#website\"},\"datePublished\":\"2024-05-02T14:19:50+00:00\",\"dateModified\":\"2025-02-24T18:40:27+00:00\",\"description\":\"Contact. Wij proberen altijd zo snel mogelijk te reageren per email. Houdt wel rekening met het tijdsverschil van tussen Aruba en Nederland\",\"breadcrumb\":{\"@id\":\"https:\/\/onehappycard.tedar.nl\/contact\/#breadcrumb\"},\"inLanguage\":\"en-US\",\"potentialAction\":[{\"@type\":\"ReadAction\",\"target\":[\"https:\/\/onehappycard.tedar.nl\/contact\/\"]}]},{\"@type\":\"BreadcrumbList\",\"@id\":\"https:\/\/onehappycard.tedar.nl\/contact\/#breadcrumb\",\"itemListElement\":[{\"@type\":\"ListItem\",\"position\":1,\"name\":\"Home\",\"item\":\"https:\/\/onehappycard.tedar.nl\/\"},{\"@type\":\"ListItem\",\"position\":2,\"name\":\"Contact\"}]},{\"@type\":\"WebSite\",\"@id\":\"https:\/\/onehappycard.tedar.nl\/#website\",\"url\":\"https:\/\/onehappycard.tedar.nl\/\",\"name\":\"Onehappycard\",\"description\":\"\",\"potentialAction\":[{\"@type\":\"SearchAction\",\"target\":{\"@type\":\"EntryPoint\",\"urlTemplate\":\"https:\/\/onehappycard.tedar.nl\/?s={search_term_string}\"},\"query-input\":{\"@type\":\"PropertyValueSpecification\",\"valueRequired\":true,\"valueName\":\"search_term_string\"}}],\"inLanguage\":\"en-US\"}]}<\/script>\n<!-- \/ Yoast SEO plugin. -->","yoast_head_json":{"title":"Contact - Onehappycard","description":"Contact. Wij proberen altijd zo snel mogelijk te reageren per email. Houdt wel rekening met het tijdsverschil van tussen Aruba en Nederland","robots":{"index":"index","follow":"follow","max-snippet":"max-snippet:-1","max-image-preview":"max-image-preview:large","max-video-preview":"max-video-preview:-1"},"canonical":"https:\/\/onehappycard.tedar.nl\/en\/contact\/","og_locale":"en_US","og_type":"article","og_title":"Contact - Onehappycard","og_description":"Contact. Wij proberen altijd zo snel mogelijk te reageren per email. Houdt wel rekening met het tijdsverschil van tussen Aruba en Nederland","og_url":"https:\/\/onehappycard.tedar.nl\/en\/contact\/","og_site_name":"Onehappycard","article_modified_time":"2025-02-24T18:40:27+00:00","twitter_card":"summary_large_image","twitter_misc":{"Est. reading time":"2 minutes"},"schema":{"@context":"https:\/\/schema.org","@graph":[{"@type":"WebPage","@id":"https:\/\/onehappycard.tedar.nl\/contact\/","url":"https:\/\/onehappycard.tedar.nl\/contact\/","name":"Contact - Onehappycard","isPartOf":{"@id":"https:\/\/onehappycard.tedar.nl\/#website"},"datePublished":"2024-05-02T14:19:50+00:00","dateModified":"2025-02-24T18:40:27+00:00","description":"Contact. Wij proberen altijd zo snel mogelijk te reageren per email. Houdt wel rekening met het tijdsverschil van tussen Aruba en Nederland","breadcrumb":{"@id":"https:\/\/onehappycard.tedar.nl\/contact\/#breadcrumb"},"inLanguage":"en-US","potentialAction":[{"@type":"ReadAction","target":["https:\/\/onehappycard.tedar.nl\/contact\/"]}]},{"@type":"BreadcrumbList","@id":"https:\/\/onehappycard.tedar.nl\/contact\/#breadcrumb","itemListElement":[{"@type":"ListItem","position":1,"name":"Home","item":"https:\/\/onehappycard.tedar.nl\/"},{"@type":"ListItem","position":2,"name":"Contact"}]},{"@type":"WebSite","@id":"https:\/\/onehappycard.tedar.nl\/#website","url":"https:\/\/onehappycard.tedar.nl\/","name":"Onehappycard","description":"","potentialAction":[{"@type":"SearchAction","target":{"@type":"EntryPoint","urlTemplate":"https:\/\/onehappycard.tedar.nl\/?s={search_term_string}"},"query-input":{"@type":"PropertyValueSpecification","valueRequired":true,"valueName":"search_term_string"}}],"inLanguage":"en-US"}]}},"_links":{"self":[{"href":"https:\/\/onehappycard.tedar.nl\/en\/wp-json\/wp\/v2\/pages\/1475","targetHints":{"allow":["GET"]}}],"collection":[{"href":"https:\/\/onehappycard.tedar.nl\/en\/wp-json\/wp\/v2\/pages"}],"about":[{"href":"https:\/\/onehappycard.tedar.nl\/en\/wp-json\/wp\/v2\/types\/page"}],"author":[{"embeddable":true,"href":"https:\/\/onehappycard.tedar.nl\/en\/wp-json\/wp\/v2\/users\/4"}],"replies":[{"embeddable":true,"href":"https:\/\/onehappycard.tedar.nl\/en\/wp-json\/wp\/v2\/comments?post=1475"}],"version-history":[{"count":0,"href":"https:\/\/onehappycard.tedar.nl\/en\/wp-json\/wp\/v2\/pages\/1475\/revisions"}],"wp:attachment":[{"href":"https:\/\/onehappycard.tedar.nl\/en\/wp-json\/wp\/v2\/media?parent=1475"}],"curies":[{"name":"wp","href":"https:\/\/api.w.org\/{rel}","templated":true}]}}