{"id":3691,"date":"2025-04-23T17:07:37","date_gmt":"2025-04-23T21:07:37","guid":{"rendered":"https:\/\/onehappycard.nl\/?page_id=3691"},"modified":"2025-04-23T17:29:10","modified_gmt":"2025-04-23T21:29:10","slug":"retour-garantie","status":"publish","type":"page","link":"https:\/\/onehappycard.tedar.nl\/en\/retour-garantie\/","title":{"rendered":"Return and warranty conditions"},"content":{"rendered":"[et_pb_section fb_built=&#8221;1&#8243; theme_builder_area=&#8221;post_content&#8221; _builder_version=&#8221;4.27.4&#8243; _module_preset=&#8221;default&#8221;][et_pb_row _builder_version=&#8221;4.27.4&#8243; _module_preset=&#8221;default&#8221; theme_builder_area=&#8221;post_content&#8221;][et_pb_column _builder_version=&#8221;4.27.4&#8243; _module_preset=&#8221;default&#8221; type=&#8221;4_4&#8243; theme_builder_area=&#8221;post_content&#8221;][et_pb_heading title=&#8221;Retour- en Garantievoorwaarden \u2013 One Happy Card&#8221; _builder_version=&#8221;4.27.4&#8243; _module_preset=&#8221;default&#8221; theme_builder_area=&#8221;post_content&#8221; title_text_color=&#8221;#287896&#8243; hover_enabled=&#8221;0&#8243; sticky_enabled=&#8221;0&#8243;][\/et_pb_heading][\/et_pb_column][\/et_pb_row][et_pb_row _builder_version=&#8221;4.27.4&#8243; _module_preset=&#8221;default&#8221; theme_builder_area=&#8221;post_content&#8221;][et_pb_column _builder_version=&#8221;4.27.4&#8243; _module_preset=&#8221;default&#8221; type=&#8221;4_4&#8243; theme_builder_area=&#8221;post_content&#8221;][et_pb_text _builder_version=&#8221;4.27.4&#8243; _module_preset=&#8221;default&#8221; theme_builder_area=&#8221;post_content&#8221; text_text_color=&#8221;#287896&#8243; hover_enabled=&#8221;0&#8243; sticky_enabled=&#8221;0&#8243;]<p><span style=\"font-weight: 400;\">Bij One Happy Card doen wij ons uiterste best om elke bestelling mooi, zorgvuldig en op tijd te bezorgen. Toch kan er wel eens iets misgaan. Wij leren van elke situatie en verbeteren ons aanbod waar nodig. Heb je vragen of klachten? Mail ons op <\/span><a href=\"mailto:onehappycard@gmail.com\"><span style=\"font-weight: 400;\">onehappycard@gmail.com<\/span><\/a><\/p>[\/et_pb_text][\/et_pb_column][\/et_pb_row][et_pb_row _builder_version=&#8221;4.27.4&#8243; _module_preset=&#8221;default&#8221; theme_builder_area=&#8221;post_content&#8221;][et_pb_column _builder_version=&#8221;4.27.4&#8243; _module_preset=&#8221;default&#8221; type=&#8221;4_4&#8243; theme_builder_area=&#8221;post_content&#8221;][et_pb_heading title=&#8221;Wenskaarten&#8221; _builder_version=&#8221;4.27.4&#8243; _module_preset=&#8221;default&#8221; theme_builder_area=&#8221;post_content&#8221; title_level=&#8221;h2&#8243; title_text_color=&#8221;#287896&#8243; hover_enabled=&#8221;0&#8243; sticky_enabled=&#8221;0&#8243;][\/et_pb_heading][\/et_pb_column][\/et_pb_row][et_pb_row _builder_version=&#8221;4.27.4&#8243; _module_preset=&#8221;default&#8221; theme_builder_area=&#8221;post_content&#8221;][et_pb_column _builder_version=&#8221;4.27.4&#8243; _module_preset=&#8221;default&#8221; type=&#8221;4_4&#8243; theme_builder_area=&#8221;post_content&#8221;][et_pb_text _builder_version=&#8221;4.27.4&#8243; _module_preset=&#8221;default&#8221; theme_builder_area=&#8221;post_content&#8221; text_text_color=&#8221;#287896&#8243; hover_enabled=&#8221;0&#8243; sticky_enabled=&#8221;0&#8243;]<p><span style=\"font-weight: 400;\">&#8211; Geen retour of garantie mogelijk. Omdat de tekst aan de binnenzijde gepersonaliseerd wordt, is een wenskaart uitgesloten van retour.<\/span><\/p>\n<p><span style=\"font-weight: 400;\">&#8211; Wijzigen van tekst is alleen mogelijk als de kaart nog niet is gemaakt. Neem z.s.m. contact op via e-mail om dit te checken.<\/span><\/p>\n<p><span style=\"font-weight: 400;\">&#8211; Geen tekst opgegeven? Als er g\u00e9\u00e9n tekst is ingevuld \u00e9n je reageert niet op onze e-mail, zijn we genoodzaakt een lege kaart te versturen of zelf een neutrale tekst te verzinnen.<\/span><\/p>\n<p><span style=\"font-weight: 400;\">&#8211; Bezorgen gebeurt via de brievenbus. Wij bellen niet aan. Het is de verantwoordelijkheid van de klant om de ontvanger hierover te informeren.<\/span><\/p>\n<p><span style=\"font-weight: 400;\">&#8211; Heeft het adres geen brievenbus, dan leveren wij bij de deur of op een droge plek.<\/span><\/p>[\/et_pb_text][\/et_pb_column][\/et_pb_row][et_pb_row _builder_version=&#8221;4.27.4&#8243; _module_preset=&#8221;default&#8221; theme_builder_area=&#8221;post_content&#8221;][et_pb_column _builder_version=&#8221;4.27.4&#8243; _module_preset=&#8221;default&#8221; type=&#8221;4_4&#8243; theme_builder_area=&#8221;post_content&#8221;][et_pb_heading title=&#8221;Bloemen&#8221; _builder_version=&#8221;4.27.4&#8243; _module_preset=&#8221;default&#8221; theme_builder_area=&#8221;post_content&#8221; title_level=&#8221;h2&#8243; title_text_color=&#8221;#287896&#8243; hover_enabled=&#8221;0&#8243; sticky_enabled=&#8221;0&#8243;][\/et_pb_heading][\/et_pb_column][\/et_pb_row][et_pb_row _builder_version=&#8221;4.27.4&#8243; _module_preset=&#8221;default&#8221; theme_builder_area=&#8221;post_content&#8221;][et_pb_column _builder_version=&#8221;4.27.4&#8243; _module_preset=&#8221;default&#8221; type=&#8221;4_4&#8243; theme_builder_area=&#8221;post_content&#8221;][et_pb_text _builder_version=&#8221;4.27.4&#8243; _module_preset=&#8221;default&#8221; theme_builder_area=&#8221;post_content&#8221; text_text_color=&#8221;#287896&#8243; hover_enabled=&#8221;0&#8243; sticky_enabled=&#8221;0&#8243;]<p><span style=\"font-weight: 400;\">&#8211; Onze bloemen komen van de bloemist Flora.<\/span><\/p>\n<p><span style=\"font-weight: 400;\">&#8211; Garantie is 24 uur: Bloemen dienen direct op water en in de schaduw te staan.<\/span><\/p>\n<p><span style=\"font-weight: 400;\">&#8211; Niet tevreden? Mail binnen 24 uur.<\/span><\/p>\n<p><span style=\"font-weight: 400;\">&#8211; Is Flora uitverkocht, dan bezorgen wij een cadeaubon ter waarde van het oorspronkelijke product (dit gebeurt zelden).<\/span><\/p>[\/et_pb_text][\/et_pb_column][\/et_pb_row][et_pb_row _builder_version=&#8221;4.27.4&#8243; _module_preset=&#8221;default&#8221; theme_builder_area=&#8221;post_content&#8221;][et_pb_column _builder_version=&#8221;4.27.4&#8243; _module_preset=&#8221;default&#8221; type=&#8221;4_4&#8243; theme_builder_area=&#8221;post_content&#8221;][et_pb_heading title=&#8221;Ballonnen&#8221; _builder_version=&#8221;4.27.4&#8243; _module_preset=&#8221;default&#8221; theme_builder_area=&#8221;post_content&#8221; title_text_color=&#8221;#287896&#8243; title_level=&#8221;h2&#8243; hover_enabled=&#8221;0&#8243; sticky_enabled=&#8221;0&#8243;][\/et_pb_heading][\/et_pb_column][\/et_pb_row][et_pb_row _builder_version=&#8221;4.27.4&#8243; _module_preset=&#8221;default&#8221; theme_builder_area=&#8221;post_content&#8221;][et_pb_column _builder_version=&#8221;4.27.4&#8243; _module_preset=&#8221;default&#8221; type=&#8221;4_4&#8243; theme_builder_area=&#8221;post_content&#8221;][et_pb_text _builder_version=&#8221;4.27.4&#8243; _module_preset=&#8221;default&#8221; theme_builder_area=&#8221;post_content&#8221; header_text_color=&#8221;#287896&#8243; hover_enabled=&#8221;0&#8243; sticky_enabled=&#8221;0&#8243; text_text_color=&#8221;#287896&#8243;]<p><span style=\"font-weight: 400;\">&#8211; Gevuld met helium en gaan minimaal 24 uur mee.<\/span><\/p>\n<p><span style=\"font-weight: 400;\">&#8211; Zakt de ballon binnen 24 uur in? We leveren dan in overleg een nieuwe.<\/span><\/p>\n<p><span style=\"font-weight: 400;\">&#8211; Ballonnen mogen niet in de zon of buiten staan.<\/span><\/p>\n<p><span style=\"font-weight: 400;\">&#8211; Niet tevreden? Mail ons met foto en omschrijving.<\/span><\/p>[\/et_pb_text][\/et_pb_column][\/et_pb_row][et_pb_row _builder_version=&#8221;4.27.4&#8243; _module_preset=&#8221;default&#8221; theme_builder_area=&#8221;post_content&#8221;][et_pb_column _builder_version=&#8221;4.27.4&#8243; _module_preset=&#8221;default&#8221; type=&#8221;4_4&#8243; theme_builder_area=&#8221;post_content&#8221;][et_pb_heading title=&#8221;Cadeaubonnen&#8221; _builder_version=&#8221;4.27.4&#8243; _module_preset=&#8221;default&#8221; theme_builder_area=&#8221;post_content&#8221; title_level=&#8221;h2&#8243; title_text_color=&#8221;#287896&#8243; hover_enabled=&#8221;0&#8243; sticky_enabled=&#8221;0&#8243;][\/et_pb_heading][\/et_pb_column][\/et_pb_row][et_pb_row _builder_version=&#8221;4.27.4&#8243; _module_preset=&#8221;default&#8221; theme_builder_area=&#8221;post_content&#8221;][et_pb_column _builder_version=&#8221;4.27.4&#8243; _module_preset=&#8221;default&#8221; type=&#8221;4_4&#8243; theme_builder_area=&#8221;post_content&#8221;][et_pb_text _builder_version=&#8221;4.27.4&#8243; _module_preset=&#8221;default&#8221; theme_builder_area=&#8221;post_content&#8221; header_text_color=&#8221;#287896&#8243; hover_enabled=&#8221;0&#8243; sticky_enabled=&#8221;0&#8243; text_text_color=&#8221;#287896&#8243;]<p><span style=\"font-weight: 400;\">&#8211; Wij zijn alleen verantwoordelijk voor het bezorgen van de bonnen.<\/span><\/p>\n<p><span style=\"font-weight: 400;\">&#8211; Problemen met het inwisselen? Neem contact op met het bedrijf dat op de cadeaubon vermeld staat.<\/span><\/p>\n<p><span style=\"font-weight: 400;\">&#8211; Uiteraard mag je ons mailen, maar we verwijzen je dan door.<\/span><\/p>[\/et_pb_text][\/et_pb_column][\/et_pb_row][et_pb_row _builder_version=&#8221;4.27.4&#8243; _module_preset=&#8221;default&#8221; theme_builder_area=&#8221;post_content&#8221;][et_pb_column _builder_version=&#8221;4.27.4&#8243; _module_preset=&#8221;default&#8221; type=&#8221;4_4&#8243; theme_builder_area=&#8221;post_content&#8221;][et_pb_heading title=&#8221;Dranken&#8221; _builder_version=&#8221;4.27.4&#8243; _module_preset=&#8221;default&#8221; theme_builder_area=&#8221;post_content&#8221; title_level=&#8221;h2&#8243; title_text_color=&#8221;#287896&#8243; hover_enabled=&#8221;0&#8243; sticky_enabled=&#8221;0&#8243;][\/et_pb_heading][\/et_pb_column][\/et_pb_row][et_pb_row _builder_version=&#8221;4.27.4&#8243; _module_preset=&#8221;default&#8221; theme_builder_area=&#8221;post_content&#8221;][et_pb_column _builder_version=&#8221;4.27.4&#8243; _module_preset=&#8221;default&#8221; type=&#8221;4_4&#8243; theme_builder_area=&#8221;post_content&#8221;][et_pb_text _builder_version=&#8221;4.27.4&#8243; _module_preset=&#8221;default&#8221; theme_builder_area=&#8221;post_content&#8221; header_text_color=&#8221;#287896&#8243; hover_enabled=&#8221;0&#8243; sticky_enabled=&#8221;0&#8243; text_text_color=&#8221;#287896&#8243;]<p><span style=\"font-weight: 400;\">&#8211; Altijd ongeopend en in cadeauverpakking.<\/span><\/p>\n<p><span style=\"font-weight: 400;\">&#8211; Bij problemen, graag per mail contact opnemen.<\/span><\/p>[\/et_pb_text][\/et_pb_column][\/et_pb_row][et_pb_row _builder_version=&#8221;4.27.4&#8243; _module_preset=&#8221;default&#8221; theme_builder_area=&#8221;post_content&#8221;][et_pb_column _builder_version=&#8221;4.27.4&#8243; _module_preset=&#8221;default&#8221; type=&#8221;4_4&#8243; theme_builder_area=&#8221;post_content&#8221;][et_pb_heading title=&#8221;Ontbijt&#8221; _builder_version=&#8221;4.27.4&#8243; _module_preset=&#8221;default&#8221; theme_builder_area=&#8221;post_content&#8221; title_level=&#8221;h2&#8243; title_text_color=&#8221;#287896&#8243; hover_enabled=&#8221;0&#8243; sticky_enabled=&#8221;0&#8243;][\/et_pb_heading][\/et_pb_column][\/et_pb_row][et_pb_row _builder_version=&#8221;4.27.4&#8243; _module_preset=&#8221;default&#8221; theme_builder_area=&#8221;post_content&#8221;][et_pb_column _builder_version=&#8221;4.27.4&#8243; _module_preset=&#8221;default&#8221; type=&#8221;4_4&#8243; theme_builder_area=&#8221;post_content&#8221;][et_pb_text _builder_version=&#8221;4.27.4&#8243; _module_preset=&#8221;default&#8221; theme_builder_area=&#8221;post_content&#8221; text_text_color=&#8221;#287896&#8243; hover_enabled=&#8221;0&#8243; sticky_enabled=&#8221;0&#8243;]<p><span style=\"font-weight: 400;\">&#8211; Wordt bezorgd door onze partner Champy Company.<\/span><\/p>\n<p><span style=\"font-weight: 400;\">&#8211; One Happy Card is enkel verantwoordelijk voor het doorgeven van de datum en het adres.<\/span><\/p>\n<p><span style=\"font-weight: 400;\">&#8211; Problemen? Neem direct contact op met info@champycompany.com<\/span><\/p>\n<p><span style=\"font-weight: 400;\">&#8211; Wij kunnen niet aansprakelijk gesteld worden voor de uitvoering.<\/span><\/p>[\/et_pb_text][\/et_pb_column][\/et_pb_row][et_pb_row _builder_version=&#8221;4.27.4&#8243; _module_preset=&#8221;default&#8221; theme_builder_area=&#8221;post_content&#8221;][et_pb_column _builder_version=&#8221;4.27.4&#8243; _module_preset=&#8221;default&#8221; type=&#8221;4_4&#8243; theme_builder_area=&#8221;post_content&#8221;][et_pb_heading title=&#8221;Cadeaupakketten&#8221; _builder_version=&#8221;4.27.4&#8243; _module_preset=&#8221;default&#8221; theme_builder_area=&#8221;post_content&#8221; title_level=&#8221;h2&#8243; title_text_color=&#8221;#287896&#8243; hover_enabled=&#8221;0&#8243; sticky_enabled=&#8221;0&#8243;][\/et_pb_heading][\/et_pb_column][\/et_pb_row][et_pb_row _builder_version=&#8221;4.27.4&#8243; _module_preset=&#8221;default&#8221; theme_builder_area=&#8221;post_content&#8221;][et_pb_column _builder_version=&#8221;4.27.4&#8243; _module_preset=&#8221;default&#8221; type=&#8221;4_4&#8243; theme_builder_area=&#8221;post_content&#8221;][et_pb_text _builder_version=&#8221;4.27.4&#8243; _module_preset=&#8221;default&#8221; theme_builder_area=&#8221;post_content&#8221; text_text_color=&#8221;#287896&#8243; hover_enabled=&#8221;0&#8243; sticky_enabled=&#8221;0&#8243;]<p><span style=\"font-weight: 400;\">&#8211; Deze bestaan uit een combinatie van producten.<\/span><\/p>\n<p><span style=\"font-weight: 400;\">&#8211; De garantievoorwaarden gelden per product, zie bovengenoemde categorie\u00ebn.<\/span><\/p>\n<p><br style=\"font-weight: 400;\" \/><br style=\"font-weight: 400;\" \/><\/p>[\/et_pb_text][\/et_pb_column][\/et_pb_row][et_pb_row _builder_version=&#8221;4.27.4&#8243; _module_preset=&#8221;default&#8221; theme_builder_area=&#8221;post_content&#8221;][et_pb_column _builder_version=&#8221;4.27.4&#8243; _module_preset=&#8221;default&#8221; type=&#8221;4_4&#8243; theme_builder_area=&#8221;post_content&#8221;][et_pb_heading title=&#8221;Bezorging&#8221; _builder_version=&#8221;4.27.4&#8243; _module_preset=&#8221;default&#8221; theme_builder_area=&#8221;post_content&#8221; title_level=&#8221;h2&#8243; title_text_color=&#8221;#287896&#8243; hover_enabled=&#8221;0&#8243; sticky_enabled=&#8221;0&#8243;][\/et_pb_heading][\/et_pb_column][\/et_pb_row][et_pb_row _builder_version=&#8221;4.27.4&#8243; _module_preset=&#8221;default&#8221; theme_builder_area=&#8221;post_content&#8221;][et_pb_column _builder_version=&#8221;4.27.4&#8243; _module_preset=&#8221;default&#8221; type=&#8221;4_4&#8243; theme_builder_area=&#8221;post_content&#8221;][et_pb_text _builder_version=&#8221;4.27.4&#8243; _module_preset=&#8221;default&#8221; theme_builder_area=&#8221;post_content&#8221; text_text_color=&#8221;#287896&#8243; hover_enabled=&#8221;0&#8243; sticky_enabled=&#8221;0&#8243;]<p><b>Datum &amp; Tijd<\/b><\/p>\n<p><span style=\"font-weight: 400;\">&#8211; Wij bezorgen op de gewenste datum, niet op een specifiek tijdstip.<\/span><\/p>\n<p><span style=\"font-weight: 400;\">&#8211; Een tijdsvoorkeur mag je doorgeven, maar hierop zit geen garantie.<\/span><\/p>\n<p>&nbsp;<\/p>\n<p><b>Verkeerd adres<\/b><\/p>\n<p><span style=\"font-weight: 400;\">&#8211; Klopt het adres niet? Dan nemen wij het pakket mee terug.<\/span><\/p>\n<p><span style=\"font-weight: 400;\">&#8211; We nemen per e-mail contact op en bezorgen op het juiste adres tegen een meerprijs van \u20ac6,95.<\/span><\/p>\n<p><span style=\"font-weight: 400;\">&#8211; De klant is verantwoordelijk voor het juiste adres.<\/span><\/p>\n<p>&nbsp;<\/p>\n<p><b>Niemand thuis<\/b><\/p>\n<p><span style=\"font-weight: 400;\">&#8211; Als er niemand thuis is, proberen wij de bestelling zo goed mogelijk te verstoppen, bijvoorbeeld in de schaduw of bij de deur.<\/span><\/p>\n<p><span style=\"font-weight: 400;\">&#8211; Bloemen worden altijd op water gezet.<\/span><\/p>\n<p><span style=\"font-weight: 400;\">&#8211; Kan het echt nergens worden achtergelaten? Dan nemen we het mee terug.<\/span><\/p>\n<p><span style=\"font-weight: 400;\">&#8211; We bezorgen opnieuw op een volgende bezorgdag tegen \u20ac6,95 extra.<\/span><\/p>\n<p><span style=\"font-weight: 400;\"><\/span><\/p>\n<p><span style=\"font-weight: 400;\"><\/span><\/p>\n<p><b>Bevestiging bezorging<\/b><\/p>\n<p><span style=\"font-weight: 400;\">&#8211; Je ontvangt automatisch een e-mail zodra je bestelling is bezorgd.<\/span><\/p>\n<p><span style=\"font-weight: 400;\">&#8211; Hoor je niets van de ontvanger? Vraag hem\/haar eerst of het in de brievenbus of op een verstopplek ligt.<\/span><\/p>\n<p><span style=\"font-weight: 400;\">&#8211; Let op: veel adressen hebben g\u00e9\u00e9n deurbel, een gesloten poort of slechts een brievenbus. Houd hier rekening mee.<\/span><span style=\"font-weight: 400;\"><br style=\"font-weight: 400;\" \/><\/span><\/p>[\/et_pb_text][\/et_pb_column][\/et_pb_row][et_pb_row _builder_version=&#8221;4.27.4&#8243; _module_preset=&#8221;default&#8221; theme_builder_area=&#8221;post_content&#8221;][et_pb_column _builder_version=&#8221;4.27.4&#8243; _module_preset=&#8221;default&#8221; type=&#8221;4_4&#8243; theme_builder_area=&#8221;post_content&#8221;][et_pb_heading title=&#8221;Over klachten en reviews&#8221; _builder_version=&#8221;4.27.4&#8243; _module_preset=&#8221;default&#8221; theme_builder_area=&#8221;post_content&#8221; title_text_color=&#8221;#287896&#8243; hover_enabled=&#8221;0&#8243; sticky_enabled=&#8221;0&#8243; title_level=&#8221;h2&#8243;][\/et_pb_heading][\/et_pb_column][\/et_pb_row][et_pb_row _builder_version=&#8221;4.27.4&#8243; _module_preset=&#8221;default&#8221; theme_builder_area=&#8221;post_content&#8221;][et_pb_column _builder_version=&#8221;4.27.4&#8243; _module_preset=&#8221;default&#8221; type=&#8221;4_4&#8243; theme_builder_area=&#8221;post_content&#8221;][et_pb_text _builder_version=&#8221;4.27.4&#8243; _module_preset=&#8221;default&#8221; theme_builder_area=&#8221;post_content&#8221; text_text_color=&#8221;#287896&#8243; hover_enabled=&#8221;0&#8243; sticky_enabled=&#8221;0&#8243;]<p><span style=\"font-weight: 400;\">&#8211; Als je eerst een negatieve review plaatst en ons daarna pas mailt, kunnen we geen garantie meer geven.\u00a0<\/span><\/p>\n<p><span style=\"font-weight: 400;\">&#8211; Wij vinden het fair dat je ons eerst een kans geeft om het op te lossen.<\/span><\/p>\n<p>&nbsp;<\/p>\n<p><span style=\"font-weight: 400;\">Deze retour- en garantievoorwaarden zijn ontstaan uit praktijkervaring en kunnen op elk moment worden aangepast.<\/span><\/p>[\/et_pb_text][\/et_pb_column][\/et_pb_row][\/et_pb_section]","protected":false},"excerpt":{"rendered":"<p>Bij One Happy Card doen wij ons uiterste best om elke bestelling mooi, zorgvuldig en op tijd te bezorgen. Toch kan er wel eens iets misgaan. Wij leren van elke situatie en verbeteren ons aanbod waar nodig. Heb je vragen of klachten? Mail ons op onehappycard@gmail.com- Geen retour of garantie mogelijk. Omdat de tekst aan [&hellip;]<\/p>","protected":false},"author":4,"featured_media":0,"parent":0,"menu_order":0,"comment_status":"closed","ping_status":"closed","template":"","meta":{"_et_pb_use_builder":"on","_et_pb_old_content":"","_et_gb_content_width":"","_eb_attr":"","footnotes":""},"class_list":["post-3691","page","type-page","status-publish","hentry"],"yoast_head":"<!-- This site is optimized with the Yoast SEO plugin v25.5 - https:\/\/yoast.com\/wordpress\/plugins\/seo\/ -->\n<title>Retour- en Garantievoorwaarden - Onehappycard<\/title>\n<meta name=\"description\" content=\"Retour- en Garantievoorwaarden: Wij doen ons uiterste best om elke bestelling mooi, zorgvuldig en op tijd te bezorgen op Aruba.\" \/>\n<meta name=\"robots\" content=\"index, follow, max-snippet:-1, max-image-preview:large, max-video-preview:-1\" \/>\n<link rel=\"canonical\" href=\"https:\/\/onehappycard.tedar.nl\/en\/retour-garantie\/\" \/>\n<meta property=\"og:locale\" content=\"en_US\" \/>\n<meta property=\"og:type\" content=\"article\" \/>\n<meta property=\"og:title\" content=\"Retour- en Garantievoorwaarden - Onehappycard\" \/>\n<meta property=\"og:description\" content=\"Retour- en Garantievoorwaarden: Wij doen ons uiterste best om elke bestelling mooi, zorgvuldig en op tijd te bezorgen op Aruba.\" \/>\n<meta property=\"og:url\" content=\"https:\/\/onehappycard.tedar.nl\/en\/retour-garantie\/\" \/>\n<meta property=\"og:site_name\" content=\"Onehappycard\" \/>\n<meta property=\"article:modified_time\" content=\"2025-04-23T21:29:10+00:00\" \/>\n<meta name=\"twitter:card\" content=\"summary_large_image\" \/>\n<meta name=\"twitter:label1\" content=\"Est. reading time\" \/>\n\t<meta name=\"twitter:data1\" content=\"3 minutes\" \/>\n<script type=\"application\/ld+json\" class=\"yoast-schema-graph\">{\"@context\":\"https:\/\/schema.org\",\"@graph\":[{\"@type\":\"WebPage\",\"@id\":\"https:\/\/onehappycard.tedar.nl\/retour-garantie\/\",\"url\":\"https:\/\/onehappycard.tedar.nl\/retour-garantie\/\",\"name\":\"Retour- en Garantievoorwaarden - Onehappycard\",\"isPartOf\":{\"@id\":\"https:\/\/onehappycard.tedar.nl\/#website\"},\"datePublished\":\"2025-04-23T21:07:37+00:00\",\"dateModified\":\"2025-04-23T21:29:10+00:00\",\"description\":\"Retour- en Garantievoorwaarden: Wij doen ons uiterste best om elke bestelling mooi, zorgvuldig en op tijd te bezorgen op Aruba.\",\"breadcrumb\":{\"@id\":\"https:\/\/onehappycard.tedar.nl\/retour-garantie\/#breadcrumb\"},\"inLanguage\":\"en-US\",\"potentialAction\":[{\"@type\":\"ReadAction\",\"target\":[\"https:\/\/onehappycard.tedar.nl\/retour-garantie\/\"]}]},{\"@type\":\"BreadcrumbList\",\"@id\":\"https:\/\/onehappycard.tedar.nl\/retour-garantie\/#breadcrumb\",\"itemListElement\":[{\"@type\":\"ListItem\",\"position\":1,\"name\":\"Home\",\"item\":\"https:\/\/onehappycard.tedar.nl\/\"},{\"@type\":\"ListItem\",\"position\":2,\"name\":\"Retour- en garantievoorwaarden\"}]},{\"@type\":\"WebSite\",\"@id\":\"https:\/\/onehappycard.tedar.nl\/#website\",\"url\":\"https:\/\/onehappycard.tedar.nl\/\",\"name\":\"Onehappycard\",\"description\":\"\",\"potentialAction\":[{\"@type\":\"SearchAction\",\"target\":{\"@type\":\"EntryPoint\",\"urlTemplate\":\"https:\/\/onehappycard.tedar.nl\/?s={search_term_string}\"},\"query-input\":{\"@type\":\"PropertyValueSpecification\",\"valueRequired\":true,\"valueName\":\"search_term_string\"}}],\"inLanguage\":\"en-US\"}]}<\/script>\n<!-- \/ Yoast SEO plugin. -->","yoast_head_json":{"title":"Retour- en Garantievoorwaarden - Onehappycard","description":"Retour- en Garantievoorwaarden: Wij doen ons uiterste best om elke bestelling mooi, zorgvuldig en op tijd te bezorgen op Aruba.","robots":{"index":"index","follow":"follow","max-snippet":"max-snippet:-1","max-image-preview":"max-image-preview:large","max-video-preview":"max-video-preview:-1"},"canonical":"https:\/\/onehappycard.tedar.nl\/en\/retour-garantie\/","og_locale":"en_US","og_type":"article","og_title":"Retour- en Garantievoorwaarden - Onehappycard","og_description":"Retour- en Garantievoorwaarden: Wij doen ons uiterste best om elke bestelling mooi, zorgvuldig en op tijd te bezorgen op Aruba.","og_url":"https:\/\/onehappycard.tedar.nl\/en\/retour-garantie\/","og_site_name":"Onehappycard","article_modified_time":"2025-04-23T21:29:10+00:00","twitter_card":"summary_large_image","twitter_misc":{"Est. reading time":"3 minutes"},"schema":{"@context":"https:\/\/schema.org","@graph":[{"@type":"WebPage","@id":"https:\/\/onehappycard.tedar.nl\/retour-garantie\/","url":"https:\/\/onehappycard.tedar.nl\/retour-garantie\/","name":"Retour- en Garantievoorwaarden - Onehappycard","isPartOf":{"@id":"https:\/\/onehappycard.tedar.nl\/#website"},"datePublished":"2025-04-23T21:07:37+00:00","dateModified":"2025-04-23T21:29:10+00:00","description":"Retour- en Garantievoorwaarden: Wij doen ons uiterste best om elke bestelling mooi, zorgvuldig en op tijd te bezorgen op Aruba.","breadcrumb":{"@id":"https:\/\/onehappycard.tedar.nl\/retour-garantie\/#breadcrumb"},"inLanguage":"en-US","potentialAction":[{"@type":"ReadAction","target":["https:\/\/onehappycard.tedar.nl\/retour-garantie\/"]}]},{"@type":"BreadcrumbList","@id":"https:\/\/onehappycard.tedar.nl\/retour-garantie\/#breadcrumb","itemListElement":[{"@type":"ListItem","position":1,"name":"Home","item":"https:\/\/onehappycard.tedar.nl\/"},{"@type":"ListItem","position":2,"name":"Retour- en garantievoorwaarden"}]},{"@type":"WebSite","@id":"https:\/\/onehappycard.tedar.nl\/#website","url":"https:\/\/onehappycard.tedar.nl\/","name":"Onehappycard","description":"","potentialAction":[{"@type":"SearchAction","target":{"@type":"EntryPoint","urlTemplate":"https:\/\/onehappycard.tedar.nl\/?s={search_term_string}"},"query-input":{"@type":"PropertyValueSpecification","valueRequired":true,"valueName":"search_term_string"}}],"inLanguage":"en-US"}]}},"_links":{"self":[{"href":"https:\/\/onehappycard.tedar.nl\/en\/wp-json\/wp\/v2\/pages\/3691","targetHints":{"allow":["GET"]}}],"collection":[{"href":"https:\/\/onehappycard.tedar.nl\/en\/wp-json\/wp\/v2\/pages"}],"about":[{"href":"https:\/\/onehappycard.tedar.nl\/en\/wp-json\/wp\/v2\/types\/page"}],"author":[{"embeddable":true,"href":"https:\/\/onehappycard.tedar.nl\/en\/wp-json\/wp\/v2\/users\/4"}],"replies":[{"embeddable":true,"href":"https:\/\/onehappycard.tedar.nl\/en\/wp-json\/wp\/v2\/comments?post=3691"}],"version-history":[{"count":3,"href":"https:\/\/onehappycard.tedar.nl\/en\/wp-json\/wp\/v2\/pages\/3691\/revisions"}],"predecessor-version":[{"id":3696,"href":"https:\/\/onehappycard.tedar.nl\/en\/wp-json\/wp\/v2\/pages\/3691\/revisions\/3696"}],"wp:attachment":[{"href":"https:\/\/onehappycard.tedar.nl\/en\/wp-json\/wp\/v2\/media?parent=3691"}],"curies":[{"name":"wp","href":"https:\/\/api.w.org\/{rel}","templated":true}]}}